{"id":1091,"date":"2025-11-22T18:24:40","date_gmt":"2025-11-22T18:24:40","guid":{"rendered":"https:\/\/galanacademy.com\/?post_type=product&#038;p=1091"},"modified":"2025-11-23T00:51:38","modified_gmt":"2025-11-23T00:51:38","slug":"masterclass-oclusion-vascular-en-rellenos-con-acido-hialuronico","status":"publish","type":"product","link":"https:\/\/galanacademy.com\/index.php\/product\/masterclass-oclusion-vascular-en-rellenos-con-acido-hialuronico\/","title":{"rendered":"Masterclass: Oclusi\u00f3n Vascular en Rellenos con \u00c1cido Hialur\u00f3nico"},"content":{"rendered":"","protected":false},"excerpt":{"rendered":"","protected":false},"featured_media":915,"comment_status":"open","ping_status":"closed","template":"","meta":{"_monsterinsights_skip_tracking":false,"_monsterinsights_sitenote_active":false,"_monsterinsights_sitenote_note":"","_monsterinsights_sitenote_category":0},"product_brand":[],"product_cat":[24],"product_tag":[],"class_list":{"0":"post-1091","1":"product","2":"type-product","3":"status-publish","4":"has-post-thumbnail","6":"product_cat-masterclass","8":"first","9":"instock","10":"sale","11":"virtual","12":"purchasable","13":"product-type-simple"},"_links":{"self":[{"href":"https:\/\/galanacademy.com\/index.php\/wp-json\/wp\/v2\/product\/1091","targetHints":{"allow":["GET"]}}],"collection":[{"href":"https:\/\/galanacademy.com\/index.php\/wp-json\/wp\/v2\/product"}],"about":[{"href":"https:\/\/galanacademy.com\/index.php\/wp-json\/wp\/v2\/types\/product"}],"replies":[{"embeddable":true,"href":"https:\/\/galanacademy.com\/index.php\/wp-json\/wp\/v2\/comments?post=1091"}],"wp:featuredmedia":[{"embeddable":true,"href":"https:\/\/galanacademy.com\/index.php\/wp-json\/wp\/v2\/media\/915"}],"wp:attachment":[{"href":"https:\/\/galanacademy.com\/index.php\/wp-json\/wp\/v2\/media?parent=1091"}],"wp:term":[{"taxonomy":"product_brand","embeddable":true,"href":"https:\/\/galanacademy.com\/index.php\/wp-json\/wp\/v2\/product_brand?post=1091"},{"taxonomy":"product_cat","embeddable":true,"href":"https:\/\/galanacademy.com\/index.php\/wp-json\/wp\/v2\/product_cat?post=1091"},{"taxonomy":"product_tag","embeddable":true,"href":"https:\/\/galanacademy.com\/index.php\/wp-json\/wp\/v2\/product_tag?post=1091"}],"curies":[{"name":"wp","href":"https:\/\/api.w.org\/{rel}","templated":true}]}}